{"id":9,"date":"2018-06-13T18:34:07","date_gmt":"2018-06-13T16:34:07","guid":{"rendered":"https:\/\/haus-nahetal.de\/?page_id=9"},"modified":"2025-02-10T09:51:43","modified_gmt":"2025-02-10T08:51:43","slug":"ueber-mich","status":"publish","type":"page","link":"https:\/\/haus-nahetal.de\/?page_id=9","title":{"rendered":"Wohnung"},"content":{"rendered":"<h2><span style=\"color: #000000;\"><strong>Die 140 m\u00b2 Wohnung bietet Platz f\u00fcr bis zu sechs Personen, zus\u00e4tzlich k\u00f6nnen Sie saisonal den Balkon mit 14m\u00b2 und die gro\u00dfz\u00fcgige Terrasse mit 40m\u00b2 nutzen und genie\u00dfen.<br \/>\n<\/strong><\/span><\/h2>\n<p><a href=\"https:\/\/haus-nahetal.de\/?page_id=25\" target=\"_blank\" rel=\"noopener noreferrer\"><strong>Einbauk\u00fcche<\/strong> mit Backofen, Mikrowelle, Toaster, K\u00fchlschrank, Sp\u00fclmaschine, Gefrierschrank im Keller<\/a><\/p>\n<p><a href=\"https:\/\/haus-nahetal.de\/?page_id=19\" target=\"_blank\" rel=\"noopener noreferrer\"><strong>Esszimmer<\/strong> mit Zugang zu <strong>Terrasse<\/strong>\/Garten, Gartenm\u00f6bel, Grillplatz und Grill, Sonnenschutz saisonal<\/a><\/p>\n<p><a href=\"https:\/\/haus-nahetal.de\/?page_id=23\" target=\"_blank\" rel=\"noopener\"><strong>Spielzimmer<\/strong><\/a><\/p>\n<p><a href=\"https:\/\/haus-nahetal.de\/?page_id=20\" target=\"_blank\" rel=\"noopener noreferrer\"><strong>Wohnzimmer<\/strong> mit TV\/Sat, DVD und <strong>Balkon<\/strong> + Liege, Strandkorb, Tisch, St\u00fchle und Sonnenschirm (saisonal)<\/a><\/p>\n<p>3 Schlafzimmer je 2 Betten (auf Wunsch 1x mit Babybett) inkl.:\u00a0 Bettw\u00e4sche<\/p>\n<ul>\n<li><a href=\"https:\/\/haus-nahetal.de\/?page_id=21\" target=\"_blank\" rel=\"noopener noreferrer\"><strong>1. Schlafzimmer Doppelbetten<\/strong>,\u00a0Bettw\u00e4sche ist vorhanden, Betten sind bezogen<\/a><\/li>\n<li><a href=\"https:\/\/haus-nahetal.de\/?page_id=22\" target=\"_blank\" rel=\"noopener noreferrer\"><strong>2. Schlafzimmer mit zwei Einzelbetten<\/strong>,\u00a0Bettw\u00e4sche ist vorhanden, Betten sind bezogen<\/a><\/li>\n<li><a href=\"https:\/\/haus-nahetal.de\/?page_id=24\" target=\"_blank\" rel=\"noopener noreferrer\"><strong>3. Schlafzimmer Etagenbetten<\/strong>, zwei Betten,\u00a0Bettw\u00e4sche ist vorhanden, Betten sind bezogen<\/a><\/li>\n<\/ul>\n<p><a href=\"https:\/\/haus-nahetal.de\/?page_id=18\" target=\"_blank\" rel=\"noopener noreferrer\">Dusch-\/ Wannenbad mit WC,+ sep. WC inkl.: Handt\u00fccher<\/a><\/p>\n<p>&nbsp;<\/p>\n<p><img loading=\"lazy\" decoding=\"async\" class=\"alignnone wp-image-853 size-full\" src=\"https:\/\/haus-nahetal.de\/wp-content\/uploads\/2022\/09\/Grundriss_berichtigt-1.png\" alt=\"\" width=\"1366\" height=\"1477\" srcset=\"https:\/\/haus-nahetal.de\/wp-content\/uploads\/2022\/09\/Grundriss_berichtigt-1.png 1366w, https:\/\/haus-nahetal.de\/wp-content\/uploads\/2022\/09\/Grundriss_berichtigt-1-277x300.png 277w, https:\/\/haus-nahetal.de\/wp-content\/uploads\/2022\/09\/Grundriss_berichtigt-1-947x1024.png 947w, https:\/\/haus-nahetal.de\/wp-content\/uploads\/2022\/09\/Grundriss_berichtigt-1-768x830.png 768w\" sizes=\"auto, (max-width: 767px) 89vw, (max-width: 1000px) 54vw, (max-width: 1071px) 543px, 580px\" \/><\/p>\n<p>Internet via WLAN<\/p>\n<p>Waschmaschine, Grillrost, Kinderhochstuhl gegen Geb\u00fchr m\u00f6glich.<\/p>\n<p><a href=\"https:\/\/haus-nahetal.de\/\" target=\"_blank\" rel=\"noopener noreferrer\">2 PKW Stellpl\u00e4tze auf dem Gel\u00e4nde.<\/a><\/p>\n<p>Haustiere sind nicht erlaubt!<\/p>\n<p>Nichtraucherwohnung<\/p>\n<h2 style=\"text-align: center;\"><span style=\"color: #000000;\">F\u00fcr Fragen stehen wir Ihnen gerne zur Verf\u00fcgung.<\/span><\/h2>\n<h2 style=\"text-align: center;\"><span style=\"color: #000000;\">Wir freuen uns auf Sie!<\/span><\/h2>\n","protected":false},"excerpt":{"rendered":"<p>Die 140 m\u00b2 Wohnung bietet Platz f\u00fcr bis zu sechs Personen, zus\u00e4tzlich k\u00f6nnen Sie saisonal den Balkon mit 14m\u00b2 und die gro\u00dfz\u00fcgige Terrasse mit 40m\u00b2 nutzen und genie\u00dfen. Einbauk\u00fcche mit Backofen, Mikrowelle, Toaster, K\u00fchlschrank, Sp\u00fclmaschine, Gefrierschrank im Keller Esszimmer mit Zugang zu Terrasse\/Garten, Gartenm\u00f6bel, Grillplatz und Grill, Sonnenschutz saisonal Spielzimmer Wohnzimmer mit TV\/Sat, DVD und &hellip; <\/p>\n<p class=\"link-more\"><a href=\"https:\/\/haus-nahetal.de\/?page_id=9\" class=\"more-link\"><span class=\"screen-reader-text\">\u201eWohnung\u201c <\/span>weiterlesen<\/a><\/p>\n","protected":false},"author":1,"featured_media":0,"parent":0,"menu_order":0,"comment_status":"closed","ping_status":"closed","template":"","meta":{"footnotes":""},"class_list":["post-9","page","type-page","status-publish","hentry"],"aioseo_notices":[],"_links":{"self":[{"href":"https:\/\/haus-nahetal.de\/index.php?rest_route=\/wp\/v2\/pages\/9","targetHints":{"allow":["GET"]}}],"collection":[{"href":"https:\/\/haus-nahetal.de\/index.php?rest_route=\/wp\/v2\/pages"}],"about":[{"href":"https:\/\/haus-nahetal.de\/index.php?rest_route=\/wp\/v2\/types\/page"}],"author":[{"embeddable":true,"href":"https:\/\/haus-nahetal.de\/index.php?rest_route=\/wp\/v2\/users\/1"}],"replies":[{"embeddable":true,"href":"https:\/\/haus-nahetal.de\/index.php?rest_route=%2Fwp%2Fv2%2Fcomments&post=9"}],"version-history":[{"count":22,"href":"https:\/\/haus-nahetal.de\/index.php?rest_route=\/wp\/v2\/pages\/9\/revisions"}],"predecessor-version":[{"id":975,"href":"https:\/\/haus-nahetal.de\/index.php?rest_route=\/wp\/v2\/pages\/9\/revisions\/975"}],"wp:attachment":[{"href":"https:\/\/haus-nahetal.de\/index.php?rest_route=%2Fwp%2Fv2%2Fmedia&parent=9"}],"curies":[{"name":"wp","href":"https:\/\/api.w.org\/{rel}","templated":true}]}}