{"id":8,"date":"2018-06-13T18:34:07","date_gmt":"2018-06-13T16:34:07","guid":{"rendered":"https:\/\/haus-nahetal.de\/?page_id=8"},"modified":"2026-03-19T15:01:54","modified_gmt":"2026-03-19T14:01:54","slug":"startseite","status":"publish","type":"page","link":"https:\/\/haus-nahetal.de\/","title":{"rendered":"Startseite"},"content":{"rendered":"<h1><strong><span style=\"color: #000000;\">Willkommen im Haus Nahetal <\/span><\/strong><\/h1>\r\n<h1><strong>Ihre Ferienwohnung am Bostalsee f\u00fcr bis zu sechs Personen.<\/strong><\/h1>\r\n<p>Wir freuen uns Sie zu einem sch\u00f6nen Familienurlaub in unserem Haus zu begr\u00fc\u00dfen<\/p>\r\n<p>Ihre<\/p>\r\n<p>Familie Veit<\/p>\r\n<p><img decoding=\"async\" class=\"details-image\" draggable=\"false\" src=\"https:\/\/haus-nahetal.de\/wp-content\/uploads\/2025\/10\/2025_Startseite.jpg\" alt=\"\" \/><\/p>\r\n<p>Die 140 m\u00b2 Wohnung bietet Platz f\u00fcr bis zu sechs Personen, zus\u00e4tzlich k\u00f6nnen Sie saisonal den Balkon mit 12m\u00b2 und die gro\u00dfz\u00fcgige Terrasse mit 40m\u00b2 nutzen und genie\u00dfen.<\/p>\r\n<p>Das Haus ist h\u00f6her gelegen,\u00a0 Sie haben einen wunderbaren Panoramablick \u00fcber Gonnesweiler und das Nahetal.<\/p>\r\n<p>In nur f\u00fcnf Gehminuten sind Sie schon am Bostalsee.<\/p>\r\n<p>Auf der Terrasse sind Sie der Natur so nah!<br \/>Im nahegelegenen Wald br\u00fctet eine Graureiherkolonie, den seltenen Rotmilan k\u00f6nnen Sie bei seinem unverwechselbaren Flug beobachten.<\/p>\r\n<p>Gelegentlich kommen Rehe oder Fasane des Wegs, lassen Sie sich \u00fcberraschen wer Ihnen einen Besuch abstattet.<\/p>\r\n<p><img loading=\"lazy\" decoding=\"async\" class=\"aligncenter size-full wp-image-819\" src=\"https:\/\/haus-nahetal.de\/wp-content\/uploads\/2022\/06\/FW-Nahetal-Gonnesweiler-Fruehlingstrasse-27-28.jpg\" alt=\"\" width=\"2365\" height=\"1772\" srcset=\"https:\/\/haus-nahetal.de\/wp-content\/uploads\/2022\/06\/FW-Nahetal-Gonnesweiler-Fruehlingstrasse-27-28.jpg 2365w, https:\/\/haus-nahetal.de\/wp-content\/uploads\/2022\/06\/FW-Nahetal-Gonnesweiler-Fruehlingstrasse-27-28-300x225.jpg 300w, https:\/\/haus-nahetal.de\/wp-content\/uploads\/2022\/06\/FW-Nahetal-Gonnesweiler-Fruehlingstrasse-27-28-1024x767.jpg 1024w, https:\/\/haus-nahetal.de\/wp-content\/uploads\/2022\/06\/FW-Nahetal-Gonnesweiler-Fruehlingstrasse-27-28-768x575.jpg 768w, https:\/\/haus-nahetal.de\/wp-content\/uploads\/2022\/06\/FW-Nahetal-Gonnesweiler-Fruehlingstrasse-27-28-1536x1151.jpg 1536w, https:\/\/haus-nahetal.de\/wp-content\/uploads\/2022\/06\/FW-Nahetal-Gonnesweiler-Fruehlingstrasse-27-28-2048x1534.jpg 2048w\" sizes=\"auto, (max-width: 767px) 89vw, (max-width: 1000px) 54vw, (max-width: 1071px) 543px, 580px\" \/><\/p>\r\n<h2><a href=\"https:\/\/direct.bookingandmore.com\/accommodation\/8cad4f9c-b6af-4da0-97b8-0453eadb5610?lang=de\" target=\"_blank\" rel=\"noopener\"><strong>Verf\u00fcgbarkeit pr\u00fcfen\/Belegungskalender aufrufen:<\/strong><\/a><\/h2>\r\n<p>&nbsp;<\/p>\r\n<p><a href=\"https:\/\/haus-nahetal.de\/?page_id=19\" target=\"_blank\" rel=\"noopener noreferrer\"><img loading=\"lazy\" decoding=\"async\" class=\"alignnone wp-image-379 size-thumbnail\" src=\"https:\/\/haus-nahetal.de\/wp-content\/uploads\/2018\/07\/terrasse-11-150x150.jpg\" alt=\"\" width=\"150\" height=\"150\" srcset=\"https:\/\/haus-nahetal.de\/wp-content\/uploads\/2018\/07\/terrasse-11-150x150.jpg 150w, https:\/\/haus-nahetal.de\/wp-content\/uploads\/2018\/07\/terrasse-11-100x100.jpg 100w\" sizes=\"auto, (max-width: 150px) 100vw, 150px\" \/><\/a>\u00a0 <a href=\"https:\/\/haus-nahetal.de\/?page_id=19\" target=\"_blank\" rel=\"noopener noreferrer\"><img loading=\"lazy\" decoding=\"async\" class=\"alignnone wp-image-375 size-thumbnail\" src=\"https:\/\/haus-nahetal.de\/wp-content\/uploads\/2018\/07\/ess-11-150x150.jpg\" alt=\"\" width=\"150\" height=\"150\" srcset=\"https:\/\/haus-nahetal.de\/wp-content\/uploads\/2018\/07\/ess-11-150x150.jpg 150w, https:\/\/haus-nahetal.de\/wp-content\/uploads\/2018\/07\/ess-11-100x100.jpg 100w\" sizes=\"auto, (max-width: 150px) 100vw, 150px\" \/><\/a> \u00a0\u00a0 <a href=\"https:\/\/haus-nahetal.de\/?page_id=25\" target=\"_blank\" rel=\"noopener noreferrer\"><img loading=\"lazy\" decoding=\"async\" class=\"alignnone wp-image-377 size-thumbnail\" src=\"https:\/\/haus-nahetal.de\/wp-content\/uploads\/2018\/07\/ku\u00a6\u00eache1-150x150.jpg\" alt=\"\" width=\"150\" height=\"150\" srcset=\"https:\/\/haus-nahetal.de\/wp-content\/uploads\/2018\/07\/ku\u00a6\u00eache1-150x150.jpg 150w, https:\/\/haus-nahetal.de\/wp-content\/uploads\/2018\/07\/ku\u00a6\u00eache1-100x100.jpg 100w\" sizes=\"auto, (max-width: 150px) 100vw, 150px\" \/><\/a><a href=\"https:\/\/haus-nahetal.de\/?page_id=20\" target=\"_blank\" rel=\"noopener noreferrer\">\u00a0 <\/a><\/p>\r\n<p>&nbsp;<\/p>\r\n<p><a href=\"https:\/\/haus-nahetal.de\/?page_id=20\" target=\"_blank\" rel=\"noopener noreferrer\"><img loading=\"lazy\" decoding=\"async\" class=\"alignnone wp-image-382 size-thumbnail\" src=\"https:\/\/haus-nahetal.de\/wp-content\/uploads\/2018\/07\/wohnzi1-150x150.jpg\" alt=\"\" width=\"150\" height=\"150\" srcset=\"https:\/\/haus-nahetal.de\/wp-content\/uploads\/2018\/07\/wohnzi1-150x150.jpg 150w, https:\/\/haus-nahetal.de\/wp-content\/uploads\/2018\/07\/wohnzi1-100x100.jpg 100w\" sizes=\"auto, (max-width: 150px) 100vw, 150px\" \/><\/a><a href=\"https:\/\/haus-nahetal.de\/?page_id=21\" target=\"_blank\" rel=\"noopener noreferrer\"><img loading=\"lazy\" decoding=\"async\" class=\"alignnone wp-image-372 size-thumbnail\" src=\"https:\/\/haus-nahetal.de\/wp-content\/uploads\/2018\/07\/doppelbett1-150x150.jpg\" alt=\"\" width=\"150\" height=\"150\" srcset=\"https:\/\/haus-nahetal.de\/wp-content\/uploads\/2018\/07\/doppelbett1-150x150.jpg 150w, https:\/\/haus-nahetal.de\/wp-content\/uploads\/2018\/07\/doppelbett1-100x100.jpg 100w\" sizes=\"auto, (max-width: 150px) 100vw, 150px\" \/><\/a>\u00a0 \u00a0\u00a0 <a href=\"https:\/\/haus-nahetal.de\/?page_id=22\" target=\"_blank\" rel=\"noopener noreferrer\"><img loading=\"lazy\" decoding=\"async\" class=\"alignnone wp-image-374 size-thumbnail\" src=\"https:\/\/haus-nahetal.de\/wp-content\/uploads\/2018\/07\/2-bett1-150x150.jpg\" alt=\"\" width=\"150\" height=\"150\" srcset=\"https:\/\/haus-nahetal.de\/wp-content\/uploads\/2018\/07\/2-bett1-150x150.jpg 150w, https:\/\/haus-nahetal.de\/wp-content\/uploads\/2018\/07\/2-bett1-100x100.jpg 100w\" sizes=\"auto, (max-width: 150px) 100vw, 150px\" \/><\/a><a href=\"https:\/\/haus-nahetal.de\/?page_id=24\" target=\"_blank\" rel=\"noopener noreferrer\"><img loading=\"lazy\" decoding=\"async\" class=\"alignleft wp-image-376 size-thumbnail\" src=\"https:\/\/haus-nahetal.de\/wp-content\/uploads\/2018\/07\/hochbett1-150x150.jpg\" alt=\"\" width=\"150\" height=\"150\" srcset=\"https:\/\/haus-nahetal.de\/wp-content\/uploads\/2018\/07\/hochbett1-150x150.jpg 150w, https:\/\/haus-nahetal.de\/wp-content\/uploads\/2018\/07\/hochbett1-100x100.jpg 100w\" sizes=\"auto, (max-width: 150px) 100vw, 150px\" \/><\/a>\u00a0<\/p>\r\n<p><a href=\"https:\/\/haus-nahetal.de\/?page_id=23\" target=\"_blank\" rel=\"noopener noreferrer\"><img loading=\"lazy\" decoding=\"async\" class=\"thumbnail alignnone\" src=\"https:\/\/haus-nahetal.de\/wp-content\/uploads\/2019\/12\/Foto3103.jpg\" alt=\"\" width=\"120\" height=\"160\" \/><\/a><\/p>\r\n<p>Maximal 300 Meter bis zum Bostalsee mit Blick \u00fcber das Nahetal, gelegen im n\u00f6rdlichen Saarland in der Gemeinde Nohfelden im Ortsteil Gonnesweiler.<\/p>\r\n<p>In den Nebenrubriken\u00a0k\u00f6nnen\u00a0Sie weitere Eindr\u00fccke von der Wohnung und der Umgebung sammeln.<\/p>\r\n<p>Wir sind stets bem\u00fcht Ihnen eine tolle Unterkunft f\u00fcr Ihren Urlaub zu bieten.<\/p>\r\n<p>Sollten Sie Informationen vermissen bitte fragen Sie uns danach.<\/p>\r\n<p><a href=\"https:\/\/haus-nahetal.de\/?page_id=10\" target=\"_blank\" rel=\"noopener noreferrer\">F\u00fcr Fragen stehen wir Ihnen gerne zur Verf\u00fcgung, kontaktieren Sie uns!<\/a><\/p>\r\n<p style=\"text-align: left; padding-left: 130px;\"><strong>Wir freuen uns auf Sie!<\/strong><\/p>\r\n<p style=\"text-align: left; padding-left: 160px;\"><strong>\u00a0 Ihre Familie<\/strong><\/p>\r\n<p style=\"text-align: left; padding-left: 130px;\"><strong>Robert und Christine Veit<\/strong><\/p>\r\n<p><strong><em>\u00a0\u00a0 \u00a0 \u00a0\u00a0\u00a0 <\/em><\/strong><\/p>\r\n<p>F\u00fcr den Zeitraum \u00fcber Silvester und Ostern sind Kurzaufenthalte, weniger als f\u00fcnf \u00dcbernachtungen, nicht m\u00f6glich!<\/p>\r\n<p style=\"padding-left: 60px;\"><strong><em>Klicken Sie auf die Folgende Texte um einen Eindruck vom Saarland zu bekommen &#8211; Sie werden auf Youtube weitergeleitet:<\/em><\/strong><\/p>\r\n<hr \/>\r\n<p><strong><a href=\"https:\/\/www.youtube.com\/watch?v=zFUg9dRRMuk\" target=\"_blank\" rel=\"noopener noreferrer\"><em>Video aus dem Saarand &#8211; &#8222;Expedition Weisser Fleck&#8220; <\/em><\/a><\/strong><strong><em>\u00a0<\/em><\/strong><\/p>\r\n<hr \/>\r\n<p><strong><em><u><a href=\"https:\/\/www.youtube.com\/watch?v=uMhnbsttdGc\" target=\"_blank\" rel=\"noopener noreferrer\">Das Saarland &#8211; Geographie &#8211; Schulfilm\u00a0<\/a><\/u><\/em><\/strong><\/p>\r\n<p style=\"text-align: center;\">Copyright Haus Nahetal 2010 &#8211; 2026<\/p>\r\n\r\n<p>&nbsp;<\/p>\r\n\r\n\r\n\r\n<pre>#wohlf\u00fchlen #ferien #urlaub #reisen #see #bostalsee #sanktwendlerland #ferienwohnung #familienurlaub #reisen #babybett #segeln #surfen #wandern #radfahren #schwimmen #entspannen<\/pre>\r\n","protected":false},"excerpt":{"rendered":"<p>Willkommen im Haus Nahetal Ihre Ferienwohnung am Bostalsee f\u00fcr bis zu sechs Personen. Wir freuen uns Sie zu einem sch\u00f6nen Familienurlaub in unserem Haus zu begr\u00fc\u00dfen Ihre Familie Veit Die 140 m\u00b2 Wohnung bietet Platz f\u00fcr bis zu sechs Personen, zus\u00e4tzlich k\u00f6nnen Sie saisonal den Balkon mit 12m\u00b2 und die gro\u00dfz\u00fcgige Terrasse mit 40m\u00b2 nutzen &hellip; <\/p>\n<p class=\"link-more\"><a href=\"https:\/\/haus-nahetal.de\/\" class=\"more-link\"><span class=\"screen-reader-text\">\u201eStartseite\u201c <\/span>weiterlesen<\/a><\/p>\n","protected":false},"author":1,"featured_media":0,"parent":0,"menu_order":0,"comment_status":"closed","ping_status":"closed","template":"","meta":{"footnotes":""},"class_list":["post-8","page","type-page","status-publish","hentry"],"aioseo_notices":[],"_links":{"self":[{"href":"https:\/\/haus-nahetal.de\/index.php?rest_route=\/wp\/v2\/pages\/8","targetHints":{"allow":["GET"]}}],"collection":[{"href":"https:\/\/haus-nahetal.de\/index.php?rest_route=\/wp\/v2\/pages"}],"about":[{"href":"https:\/\/haus-nahetal.de\/index.php?rest_route=\/wp\/v2\/types\/page"}],"author":[{"embeddable":true,"href":"https:\/\/haus-nahetal.de\/index.php?rest_route=\/wp\/v2\/users\/1"}],"replies":[{"embeddable":true,"href":"https:\/\/haus-nahetal.de\/index.php?rest_route=%2Fwp%2Fv2%2Fcomments&post=8"}],"version-history":[{"count":139,"href":"https:\/\/haus-nahetal.de\/index.php?rest_route=\/wp\/v2\/pages\/8\/revisions"}],"predecessor-version":[{"id":1003,"href":"https:\/\/haus-nahetal.de\/index.php?rest_route=\/wp\/v2\/pages\/8\/revisions\/1003"}],"wp:attachment":[{"href":"https:\/\/haus-nahetal.de\/index.php?rest_route=%2Fwp%2Fv2%2Fmedia&parent=8"}],"curies":[{"name":"wp","href":"https:\/\/api.w.org\/{rel}","templated":true}]}}