{"id":22,"date":"2018-06-13T18:34:07","date_gmt":"2018-06-13T16:34:07","guid":{"rendered":"https:\/\/haus-nahetal.de\/?page_id=22"},"modified":"2024-01-17T17:12:00","modified_gmt":"2024-01-17T16:12:00","slug":"schlafzimmer-einzelbetten","status":"publish","type":"page","link":"https:\/\/haus-nahetal.de\/?page_id=22","title":{"rendered":"2. Schlafzimmer Einzelbetten"},"content":{"rendered":"<p><img loading=\"lazy\" decoding=\"async\" class=\"aligncenter size-full wp-image-808\" src=\"https:\/\/haus-nahetal.de\/wp-content\/uploads\/2022\/06\/FW-Nahetal-Gonnesweiler-Fruehlingstrasse-27-17.jpg\" alt=\"\" width=\"2365\" height=\"1773\" srcset=\"https:\/\/haus-nahetal.de\/wp-content\/uploads\/2022\/06\/FW-Nahetal-Gonnesweiler-Fruehlingstrasse-27-17.jpg 2365w, https:\/\/haus-nahetal.de\/wp-content\/uploads\/2022\/06\/FW-Nahetal-Gonnesweiler-Fruehlingstrasse-27-17-300x225.jpg 300w, https:\/\/haus-nahetal.de\/wp-content\/uploads\/2022\/06\/FW-Nahetal-Gonnesweiler-Fruehlingstrasse-27-17-1024x768.jpg 1024w, https:\/\/haus-nahetal.de\/wp-content\/uploads\/2022\/06\/FW-Nahetal-Gonnesweiler-Fruehlingstrasse-27-17-768x576.jpg 768w, https:\/\/haus-nahetal.de\/wp-content\/uploads\/2022\/06\/FW-Nahetal-Gonnesweiler-Fruehlingstrasse-27-17-1536x1152.jpg 1536w, https:\/\/haus-nahetal.de\/wp-content\/uploads\/2022\/06\/FW-Nahetal-Gonnesweiler-Fruehlingstrasse-27-17-2048x1535.jpg 2048w\" sizes=\"auto, (max-width: 767px) 89vw, (max-width: 1000px) 54vw, (max-width: 1071px) 543px, 580px\" \/><\/p>\n<p><img loading=\"lazy\" decoding=\"async\" class=\"aligncenter size-full wp-image-807\" src=\"https:\/\/haus-nahetal.de\/wp-content\/uploads\/2022\/06\/FW-Nahetal-Gonnesweiler-Fruehlingstrasse-27-16.jpg\" alt=\"\" width=\"2365\" height=\"1773\" srcset=\"https:\/\/haus-nahetal.de\/wp-content\/uploads\/2022\/06\/FW-Nahetal-Gonnesweiler-Fruehlingstrasse-27-16.jpg 2365w, https:\/\/haus-nahetal.de\/wp-content\/uploads\/2022\/06\/FW-Nahetal-Gonnesweiler-Fruehlingstrasse-27-16-300x225.jpg 300w, https:\/\/haus-nahetal.de\/wp-content\/uploads\/2022\/06\/FW-Nahetal-Gonnesweiler-Fruehlingstrasse-27-16-1024x768.jpg 1024w, https:\/\/haus-nahetal.de\/wp-content\/uploads\/2022\/06\/FW-Nahetal-Gonnesweiler-Fruehlingstrasse-27-16-768x576.jpg 768w, https:\/\/haus-nahetal.de\/wp-content\/uploads\/2022\/06\/FW-Nahetal-Gonnesweiler-Fruehlingstrasse-27-16-1536x1152.jpg 1536w, https:\/\/haus-nahetal.de\/wp-content\/uploads\/2022\/06\/FW-Nahetal-Gonnesweiler-Fruehlingstrasse-27-16-2048x1535.jpg 2048w\" sizes=\"auto, (max-width: 767px) 89vw, (max-width: 1000px) 54vw, (max-width: 1071px) 543px, 580px\" \/><\/p>\n<p>Schlafzimmer mit zwei Einzelbetten, Liegefl\u00e4che 100x200cm je Bett, Bettw\u00e4sche ist vorhanden. Kopf- und Fu\u00dfteil der Lattenroste sind manuell verstellbar.<\/p>\n<p>&nbsp;<\/p>\n<p>&nbsp;<\/p>\n","protected":false},"excerpt":{"rendered":"<p>Schlafzimmer mit zwei Einzelbetten, Liegefl\u00e4che 100x200cm je Bett, Bettw\u00e4sche ist vorhanden. Kopf- und Fu\u00dfteil der Lattenroste sind manuell verstellbar. &nbsp; &nbsp;<\/p>\n","protected":false},"author":1,"featured_media":0,"parent":0,"menu_order":0,"comment_status":"closed","ping_status":"closed","template":"","meta":{"footnotes":""},"class_list":["post-22","page","type-page","status-publish","hentry"],"aioseo_notices":[],"_links":{"self":[{"href":"https:\/\/haus-nahetal.de\/index.php?rest_route=\/wp\/v2\/pages\/22","targetHints":{"allow":["GET"]}}],"collection":[{"href":"https:\/\/haus-nahetal.de\/index.php?rest_route=\/wp\/v2\/pages"}],"about":[{"href":"https:\/\/haus-nahetal.de\/index.php?rest_route=\/wp\/v2\/types\/page"}],"author":[{"embeddable":true,"href":"https:\/\/haus-nahetal.de\/index.php?rest_route=\/wp\/v2\/users\/1"}],"replies":[{"embeddable":true,"href":"https:\/\/haus-nahetal.de\/index.php?rest_route=%2Fwp%2Fv2%2Fcomments&post=22"}],"version-history":[{"count":9,"href":"https:\/\/haus-nahetal.de\/index.php?rest_route=\/wp\/v2\/pages\/22\/revisions"}],"predecessor-version":[{"id":912,"href":"https:\/\/haus-nahetal.de\/index.php?rest_route=\/wp\/v2\/pages\/22\/revisions\/912"}],"wp:attachment":[{"href":"https:\/\/haus-nahetal.de\/index.php?rest_route=%2Fwp%2Fv2%2Fmedia&parent=22"}],"curies":[{"name":"wp","href":"https:\/\/api.w.org\/{rel}","templated":true}]}}