{"id":19,"date":"2018-06-13T18:34:07","date_gmt":"2018-06-13T16:34:07","guid":{"rendered":"https:\/\/haus-nahetal.de\/?page_id=19"},"modified":"2025-10-04T11:19:16","modified_gmt":"2025-10-04T09:19:16","slug":"esszimmer","status":"publish","type":"page","link":"https:\/\/haus-nahetal.de\/?page_id=19","title":{"rendered":"Esszimmer"},"content":{"rendered":"<p>Esszimmer mit Zugang zur Terrasse<img loading=\"lazy\" decoding=\"async\" class=\"aligncenter size-full wp-image-795\" src=\"https:\/\/haus-nahetal.de\/wp-content\/uploads\/2022\/06\/FW-Nahetal-Gonnesweiler-Fruehlingstrasse-27-4.jpg\" alt=\"\" width=\"2365\" height=\"1773\" srcset=\"https:\/\/haus-nahetal.de\/wp-content\/uploads\/2022\/06\/FW-Nahetal-Gonnesweiler-Fruehlingstrasse-27-4.jpg 2365w, https:\/\/haus-nahetal.de\/wp-content\/uploads\/2022\/06\/FW-Nahetal-Gonnesweiler-Fruehlingstrasse-27-4-300x225.jpg 300w, https:\/\/haus-nahetal.de\/wp-content\/uploads\/2022\/06\/FW-Nahetal-Gonnesweiler-Fruehlingstrasse-27-4-1024x768.jpg 1024w, https:\/\/haus-nahetal.de\/wp-content\/uploads\/2022\/06\/FW-Nahetal-Gonnesweiler-Fruehlingstrasse-27-4-768x576.jpg 768w, https:\/\/haus-nahetal.de\/wp-content\/uploads\/2022\/06\/FW-Nahetal-Gonnesweiler-Fruehlingstrasse-27-4-1536x1152.jpg 1536w, https:\/\/haus-nahetal.de\/wp-content\/uploads\/2022\/06\/FW-Nahetal-Gonnesweiler-Fruehlingstrasse-27-4-2048x1535.jpg 2048w\" sizes=\"auto, (max-width: 767px) 89vw, (max-width: 1000px) 54vw, (max-width: 1071px) 543px, 580px\" \/><\/p>\n<p><img loading=\"lazy\" decoding=\"async\" class=\"aligncenter size-full wp-image-820\" src=\"https:\/\/haus-nahetal.de\/wp-content\/uploads\/2022\/06\/FW-Nahetal-Gonnesweiler-Fruehlingstrasse-27-29.jpg\" alt=\"\" width=\"2048\" height=\"2048\" srcset=\"https:\/\/haus-nahetal.de\/wp-content\/uploads\/2022\/06\/FW-Nahetal-Gonnesweiler-Fruehlingstrasse-27-29.jpg 2048w, https:\/\/haus-nahetal.de\/wp-content\/uploads\/2022\/06\/FW-Nahetal-Gonnesweiler-Fruehlingstrasse-27-29-300x300.jpg 300w, https:\/\/haus-nahetal.de\/wp-content\/uploads\/2022\/06\/FW-Nahetal-Gonnesweiler-Fruehlingstrasse-27-29-1024x1024.jpg 1024w, https:\/\/haus-nahetal.de\/wp-content\/uploads\/2022\/06\/FW-Nahetal-Gonnesweiler-Fruehlingstrasse-27-29-150x150.jpg 150w, https:\/\/haus-nahetal.de\/wp-content\/uploads\/2022\/06\/FW-Nahetal-Gonnesweiler-Fruehlingstrasse-27-29-768x768.jpg 768w, https:\/\/haus-nahetal.de\/wp-content\/uploads\/2022\/06\/FW-Nahetal-Gonnesweiler-Fruehlingstrasse-27-29-1536x1536.jpg 1536w, https:\/\/haus-nahetal.de\/wp-content\/uploads\/2022\/06\/FW-Nahetal-Gonnesweiler-Fruehlingstrasse-27-29-100x100.jpg 100w\" sizes=\"auto, (max-width: 767px) 89vw, (max-width: 1000px) 54vw, (max-width: 1071px) 543px, 580px\" \/><\/p>\n<p style=\"text-align: center;\"><img loading=\"lazy\" decoding=\"async\" class=\"size-full wp-image-380 aligncenter\" src=\"https:\/\/haus-nahetal.de\/wp-content\/uploads\/2018\/07\/terrasse-21.jpg\" alt=\"\" width=\"567\" height=\"337\" srcset=\"https:\/\/haus-nahetal.de\/wp-content\/uploads\/2018\/07\/terrasse-21.jpg 567w, https:\/\/haus-nahetal.de\/wp-content\/uploads\/2018\/07\/terrasse-21-300x178.jpg 300w\" sizes=\"auto, (max-width: 567px) 100vw, 567px\" \/><em>Auf der Terrasse k\u00f6nnen Sie in Ruhe die Natur und die N\u00e4he zum Wald genie\u00dfen, einfach mal die Seele und sich selbst in der H\u00e4ngematte baumeln lassen.<\/em><\/p>\n<p><img decoding=\"async\" class=\"details-image\" draggable=\"false\" src=\"https:\/\/haus-nahetal.de\/wp-content\/uploads\/2025\/10\/Herbst-an-der-Ferienwohnung-Haus-Nahetal.jpg\" alt=\"\" \/><\/p>\n<p>Goldener Herbst an der Ferienwohnung Haus Nahetal<\/p>\n","protected":false},"excerpt":{"rendered":"<p>Esszimmer mit Zugang zur Terrasse Auf der Terrasse k\u00f6nnen Sie in Ruhe die Natur und die N\u00e4he zum Wald genie\u00dfen, einfach mal die Seele und sich selbst in der H\u00e4ngematte baumeln lassen. Goldener Herbst an der Ferienwohnung Haus Nahetal<\/p>\n","protected":false},"author":1,"featured_media":0,"parent":0,"menu_order":0,"comment_status":"closed","ping_status":"closed","template":"","meta":{"footnotes":""},"class_list":["post-19","page","type-page","status-publish","hentry"],"aioseo_notices":[],"_links":{"self":[{"href":"https:\/\/haus-nahetal.de\/index.php?rest_route=\/wp\/v2\/pages\/19","targetHints":{"allow":["GET"]}}],"collection":[{"href":"https:\/\/haus-nahetal.de\/index.php?rest_route=\/wp\/v2\/pages"}],"about":[{"href":"https:\/\/haus-nahetal.de\/index.php?rest_route=\/wp\/v2\/types\/page"}],"author":[{"embeddable":true,"href":"https:\/\/haus-nahetal.de\/index.php?rest_route=\/wp\/v2\/users\/1"}],"replies":[{"embeddable":true,"href":"https:\/\/haus-nahetal.de\/index.php?rest_route=%2Fwp%2Fv2%2Fcomments&post=19"}],"version-history":[{"count":9,"href":"https:\/\/haus-nahetal.de\/index.php?rest_route=\/wp\/v2\/pages\/19\/revisions"}],"predecessor-version":[{"id":995,"href":"https:\/\/haus-nahetal.de\/index.php?rest_route=\/wp\/v2\/pages\/19\/revisions\/995"}],"wp:attachment":[{"href":"https:\/\/haus-nahetal.de\/index.php?rest_route=%2Fwp%2Fv2%2Fmedia&parent=19"}],"curies":[{"name":"wp","href":"https:\/\/api.w.org\/{rel}","templated":true}]}}