{"id":16,"date":"2018-06-13T18:34:07","date_gmt":"2018-06-13T16:34:07","guid":{"rendered":"https:\/\/haus-nahetal.de\/?page_id=16"},"modified":"2026-03-19T15:07:30","modified_gmt":"2026-03-19T14:07:30","slug":"preise","status":"publish","type":"page","link":"https:\/\/haus-nahetal.de\/?page_id=16","title":{"rendered":"Preise"},"content":{"rendered":"<p>&nbsp;<\/p>\n<h2><a href=\"https:\/\/direct.bookingandmore.com\/accommodation\/8cad4f9c-b6af-4da0-97b8-0453eadb5610?lang=de\" target=\"_blank\" rel=\"noopener\"><strong>Verf\u00fcgbarkeit pr\u00fcfen\/Belegungskalender aufrufen:<\/strong><\/a><\/h2>\n<p><strong>Preise 2026:<\/strong><\/p>\n<p>Tag \/ \u00dcbernachtung:<\/p>\n<p>1 bis 2 Personen: 70,&#8211; \u20ac, jede weitere Person 18,&#8211;\u20ac zzgl. Tourismusabgabe.<\/p>\n<p>INKL: Bettw\u00e4sche, Hand-\/Duschtuch je Person.<\/p>\n<p>1 \u2013 2\u00a0\u00a0\u00a0\u00a0\u00a0 Personen:\u00a0\u00a0\u00a0\u00a0\u00a0\u00a0\u00a0\u00a0\u00a0\u00a0 70,&#8211; \u20ac<\/p>\n<p>3\u00a0\u00a0\u00a0\u00a0\u00a0\u00a0\u00a0\u00a0\u00a0\u00a0\u00a0\u00a0 Personen: \u00a0\u00a0\u00a0\u00a0\u00a0\u00a0\u00a0\u00a0\u00a0 88,&#8211; \u20ac<\/p>\n<p>4\u00a0\u00a0\u00a0\u00a0\u00a0\u00a0\u00a0\u00a0\u00a0\u00a0\u00a0\u00a0 Personen:\u00a0\u00a0\u00a0\u00a0\u00a0\u00a0\u00a0\u00a0\u00a0\u00a0 106,&#8211; \u20ac<\/p>\n<p>5\u00a0\u00a0\u00a0\u00a0\u00a0\u00a0\u00a0\u00a0\u00a0\u00a0\u00a0\u00a0 Personen:\u00a0\u00a0\u00a0\u00a0\u00a0\u00a0\u00a0\u00a0\u00a0\u00a0 124,&#8211; \u20ac<\/p>\n<p>6\u00a0\u00a0\u00a0\u00a0\u00a0\u00a0\u00a0\u00a0\u00a0\u00a0\u00a0\u00a0 Personen:\u00a0\u00a0\u00a0\u00a0\u00a0\u00a0\u00a0\u00a0\u00a0\u00a0 142,&#8211; \u20ac<\/p>\n<p>Babybett und WLAN auf Wunsch m\u00f6glich, muss jedoch bei Buchung angegeben werden.<\/p>\n<p>Zubuchbare Leistungen, muss ebenfalls bei Buchung angegeben werden:<\/p>\n<p>Waschmaschine:\u00a0 \u00a0 \u00a0 \u00a0 \u00a0 \u00a0 \u00a0erste Woche 20,&#8211;\u20ac, danach je Woche 10,&#8211;\u20ac<\/p>\n<p>Grillrost:\u00a0\u00a0\u00a0\u00a0\u00a0\u00a0\u00a0\u00a0\u00a0\u00a0\u00a0\u00a0\u00a0\u00a0\u00a0 \u00a0\u00a0\u00a0\u00a0\u00a0\u00a0\u00a0\u00a0\u00a0\u00a0\u00a0\u00a0\u00a0\u00a0\u00a0 einmalig 20,&#8211;\u20ac<\/p>\n<p>Kinderhochstuhl:\u00a0\u00a0\u00a0\u00a0\u00a0\u00a0\u00a0\u00a0\u00a0\u00a0 \u00a0 einmalig 20,&#8211;\u20ac<\/p>\n<p>Sonderbelegung:\u00a0\u00a0\u00a0\u00a0\u00a0\u00a0\u00a0\u00a0\u00a0\u00a0\u00a0 zwei Personen in zwei Schlafzimmer bzw. drei Personen in drei Schlafzimmer, je weiterem Schlafzimmer 20,&#8211;\u20ac sowie bei jedem W\u00e4schewechsel nochmals 20,&#8211;\u20ac<\/p>\n<p>Preise g\u00fcltig vom 01.01.2026 &#8211; 31.12.2026<\/p>\n<p><strong>Mindestaufenthalt 5 \u00dcbernachtungen\/Tage!<\/strong><br \/>\nInkl. Bettw\u00e4sche, Hand-\/Duschtuch.<br \/>\nBabybett und WLAN auf Wunsch m\u00f6glich, bitte bei der Anfrage\/Buchung schon angeben.<br \/>\nZubuchbare Leistung: Waschmaschine \/ je angefangene Woche 20,&#8211;\u20ac<\/p>\n<p>Gegen Geb\u00fchr von je 20,&#8211;\u20ac\u00a0 k\u00f6nnen Sie den Kinderhochstuhl sowie einen Grillrost ausleihen.<\/p>\n<p>Die Wohnung ist gem\u00e4\u00df den Vereibarungen\/Vorgaben in der Hausordnung und\u00a0 Gastaufnahmebedingungen\u00a0 w\u00e4hrend des Aufenthalts pfleglich und sauber zu behandeln und zur Abreise entsprechend an uns zu \u00fcbergeben, die Hausordnung ist verpflichtend!<\/p>\n<p>F\u00fcr Fragen stehen wir Ihnen gerne zur Verf\u00fcgung!<\/p>\n<p><strong>Kaution: 300,&#8211;\u20ac<\/strong>, diese wird nach abgeschlossener, m\u00e4ngelfreier (wenn Sie die Vereinbarung gem\u00e4\u00df der Hausordnung, Gastaufnahmebedingungen und den in unserem Haus geltenden Regeln eingehalten haben) Endreinigung per Bank\u00fcberweisung zur\u00fcck \u00fcberwiesen.<\/p>\n<p><strong>Preise 2027:<\/strong><\/p>\n<p>Tag \/ \u00dcbernachtung:<\/p>\n<p>1 bis 2 Personen: 70,&#8211; \u20ac, jede weitere Person 20,&#8211;\u20ac zzgl. Tourismusabgabe.<\/p>\n<p>INKL: Bettw\u00e4sche, Hand-\/Duschtuch je Person.<\/p>\n<p>1 \u2013 2\u00a0\u00a0\u00a0\u00a0\u00a0 Personen:\u00a0\u00a0\u00a0\u00a0\u00a0\u00a0\u00a0\u00a0\u00a0\u00a0 70,&#8211; \u20ac<\/p>\n<p>3\u00a0\u00a0\u00a0\u00a0\u00a0\u00a0\u00a0\u00a0\u00a0\u00a0\u00a0\u00a0 Personen:\u00a0 \u00a0 \u00a0 \u00a0 \u00a0 \u00a090,&#8211; \u20ac<\/p>\n<p>4\u00a0\u00a0\u00a0\u00a0\u00a0\u00a0\u00a0\u00a0\u00a0\u00a0\u00a0\u00a0 Personen:\u00a0\u00a0\u00a0\u00a0\u00a0\u00a0\u00a0\u00a0\u00a0\u00a0 110,&#8211; \u20ac<\/p>\n<p>5\u00a0\u00a0\u00a0\u00a0\u00a0\u00a0\u00a0\u00a0\u00a0\u00a0\u00a0\u00a0 Personen:\u00a0\u00a0\u00a0\u00a0\u00a0\u00a0\u00a0\u00a0\u00a0\u00a0 130,&#8211; \u20ac<\/p>\n<p>6\u00a0\u00a0\u00a0\u00a0\u00a0\u00a0\u00a0\u00a0\u00a0\u00a0\u00a0\u00a0 Personen:\u00a0\u00a0\u00a0\u00a0\u00a0\u00a0\u00a0\u00a0\u00a0\u00a0 150,&#8211; \u20ac<\/p>\n<p>G\u00fcltig von 01.01.2027 &#8211; 31.12.2027<\/p>\n<p><strong>Tourismusabgabe: <\/strong>je Person ab 3 Jahren muss je Tag\/\u00dcbernachtung 0,50 \u20ac an die Gemeinde abgef\u00fchrt werden, diese Tourismusabgabe m\u00fcssen wir, die Gastgeber\/Vermieter von Ihnen, den G\u00e4sten einfordern und mtl. an die Gemeinde unter Weitergabe ihrer Daten: Name, Anschrift, Geburtsdatum, Alter\u2026 \u00fcbermitteln\/abf\u00fchren.<\/p>\n<p>F\u00fcr Fragen zur Tourismusabgabe und zum Umgang mit ihren Daten hinsichtlich der DSGVO ist die Gemeindeverwaltung Nohfelden, <span class=\"LrzXr\">An der Burg, 66625 Nohfelden,<\/span> <span class=\"GRkHZd w8qArf\"><a class=\"fl\" href=\"https:\/\/www.google.com\/search?client=firefox-b-d&amp;sxsrf=ALeKk023fNtmvPtvWWjDaMORiH84HsgpXA:1628594202116&amp;q=gemeindeverwaltung+nohfelden+telefon&amp;ludocid=5085524970817980495&amp;sa=X&amp;ved=2ahUKEwjLwJmXqqbyAhVU_rsIHftNCCIQ6BMwHnoECDYQAg\" data-ved=\"2ahUKEwjLwJmXqqbyAhVU_rsIHftNCCIQ6BMwHnoECDYQAg\">Telefon<\/a>: <\/span><span class=\"LrzXr zdqRlf kno-fv\"><a href=\"https:\/\/www.google.com\/search?q=Anschrift+gemeinedeverwaltung+Nohfelden&amp;client=firefox-b-d&amp;sxsrf=ALeKk01a2o9BlSU23Em5Gx8Q94ULmuOUCA%3A1628593348695&amp;ei=xFwSYe6BKoeI9u8PpeaP2AQ&amp;oq=Anschrift+gemeinedeverwaltung+Nohfelden&amp;gs_lcp=Cgdnd3Mtd2l6EAMyCgghEBYQChAdEB46BwgAEEcQsAM6FAguEIAEELEDEIMBEMcBENEDEJMCOgQIABBDOggIABCxAxCDAToICAAQgAQQsQM6DgguEIAEELEDEMcBEKMCOgsIABCABBCxAxCDAToFCAAQgAQ6DgguEIAEELEDEMcBENEDOggILhCxAxCDAToKCC4QxwEQrwEQQzoICC4QgAQQsQM6BwgAELEDEEM6EAguELEDEIMBEMcBENEDEEM6CwguEIAEEMcBEK8BOgYIABAWEB46BAgAEA06BggAEA0QHjoHCCEQChCgAToICAAQDRAFEB46CAgAEAgQDRAeSgQIQRgAUIbBM1jG_DNgvf4zaAFwAngAgAGdA4gBiSSSAQsyMC4xOC4xLjAuMZgBAKABAcgBCMABAQ&amp;sclient=gws-wiz&amp;ved=0ahUKEwju86CAp6byAhUHhP0HHSXzA0sQ4dUDCA0&amp;uact=5#\" data-dtype=\"d3ifr\" data-local-attribute=\"d3ph\" data-ved=\"2ahUKEwjLwJmXqqbyAhVU_rsIHftNCCIQkAgoADAeegQINhAD\">06852 8850<\/a><\/span>, info@<em>nohfelden<\/em>.de verantwortlich!<\/p>\n<p>Bezahlung vorab per Bank\u00fcberweisung, keine Schecks!<\/p>\n<p>Barzahlung bei Anreise\/Schl\u00fcssel\u00fcbergabe m\u00f6glich, allerdings nur wenn dies ausdr\u00fccklich vereinbart wurde, hierf\u00fcr erheben wir eine Geb\u00fchr von 10,&#8211;\u20ac.<\/p>\n<p>Umsatzsteuer gem\u00e4\u00df \u00a7 19 UStG nicht enthalten.<\/p>\n<p>Mehr Informationen gerne auf Anfrage.<\/p>\n<p><em>Diese Preise sind nur g\u00fcltig, wenn keine Sondervereinbarungen getroffen wurden (wie z.B. bei Monteuren oder Langzeitaufenthalten \u00fcblich).<\/em><\/p>\n<p><strong><span style=\"color: #ff0000;\"><em>\u00a0<\/em>Die Wohnung ist besenrein zu verlassen &#8211; hierzu beachten Sie die unten angef\u00fcgten Bedingungen!<\/span><\/strong><\/p>\n<p>F\u00fcr Zeitr\u00e4ume \u00fcber Ostern, Weihnachten und Silvester sind Kurzaufenthalte, weniger als f\u00fcnf \u00dcbernachtungen, nicht m\u00f6glich!<\/p>\n<p><strong><u>KEINE Haustiere!<\/u><\/strong><strong><em>\u00a0\u00a0\u00a0\u00a0\u00a0\u00a0\u00a0\u00a0\u00a0\u00a0\u00a0\u00a0<\/em><\/strong><strong><em>\u00a0\u00a0 <img loading=\"lazy\" decoding=\"async\" class=\"aligncenter wp-image-196\" src=\"https:\/\/haus-nahetal.de\/wp-content\/uploads\/2018\/06\/raucher.jpg\" alt=\"\" width=\"400\" height=\"400\" srcset=\"https:\/\/haus-nahetal.de\/wp-content\/uploads\/2018\/06\/raucher.jpg 600w, https:\/\/haus-nahetal.de\/wp-content\/uploads\/2018\/06\/raucher-150x150.jpg 150w, https:\/\/haus-nahetal.de\/wp-content\/uploads\/2018\/06\/raucher-300x300.jpg 300w, https:\/\/haus-nahetal.de\/wp-content\/uploads\/2018\/06\/raucher-100x100.jpg 100w\" sizes=\"auto, (max-width: 400px) 100vw, 400px\" \/><\/em><\/strong><strong><em>\u00a0<\/em><\/strong><strong><em><u> Nichtraucher Wohnung!<\/u><\/em><\/strong><\/p>\n<p><strong>Gastaufnahmebedingungen:<\/strong><\/p>\n<p><strong>Gastaufnahmebedingungen\u00a0 Ferienwohnung Haus Nahetal<\/strong><\/p>\n<ol>\n<li>Der Gastaufnahmevertrag\/die Buchung ist abgeschlossen, sobald die Ferienwohnung bestellt und zugesagt bzw. bereitgestellt worden ist. Schriftform ist nicht zwingend erforderlich.<\/li>\n<li>Der Abschluss der Buchung\/ des Gastaufnahmevertrages verpflichtet den Gast und den Gastgeber zur Erf\u00fcllung des Vertrags, gleichg\u00fcltig auf welche Dauer der Vertrag abgeschlossen wurde.<\/li>\n<\/ol>\n<p>2.1.\u00a0Wir sind nicht bereit und nicht verpflichtet an einem Streitbeilegungsverfahren vor einer Verbraucherstreitschlichtungsstelle teilzunehmen.<\/p>\n<ol start=\"3\">\n<li>Der Gastgeber ist verpflichtet, bei Nichtbereitstellung der Ferienwohnung dem Gast Schadenersatz zu leisten. Die Verpflichtung entf\u00e4llt, wenn es dem Gastgeber aufgrund eines f\u00fcr ihn unabwendbaren Ereignisses oder bei h\u00f6herer Gewalt nicht oder nicht mehr rechtzeitig m\u00f6glich war, die Wohnung rechtzeitig vertragsm\u00e4\u00dfig zur Verf\u00fcgung zu stellen.<\/li>\n<li>Der Gast ist verpflichtet, bei Absage\/Nichteinhaltung der vertraglichen Leistungen den bei der Buchung vereinbarten Preis -10% zu bezahlen. Kostenfreie Stornierungen nur bis 61 Tage vor Anreise m\u00f6glich.<\/li>\n<\/ol>\n<p>4.1. Entsprechend den gesetzlichen Verpflichtungen wird der Gast darauf hingewiesen, dass nach den gesetzlichen Vorschriften (\u00a7312g Abs. 2 Satz1 Ziff. 9BGB) bei Gastaufnahmevertr\u00e4gen, die im Fernabsatz (Telefonanrufe, Kataloge, E-Mails, Briefe, Telekopien, \u00fcber Mobilfunkdienst versendete Nachrichten (SMS) sowie Rundfunk und Telemedien) abgeschlossen wurden, kein Widerrufsrecht besteht sondern lediglich die gesetzlichen Regelungen \u00fcber die Nichtinanspruchnahme von Mietleistungen (\u00a7 537 BGB) gelten (siehe hierzu auch Ziff. 5 dieser Gastaufnahmebedingung). Ein Widerrufsrecht besteht jedoch, wenn der Gastaufnahmevertrag au\u00dferhalb von Gesch\u00e4ftsr\u00e4umen geschlossen worden ist, es sei denn, die m\u00fcndlichen Verhandlungen, auf denen der Vertragsschluss beruht, sind auf vorhergehende Bestellung von Ihnen als Verbraucher gef\u00fchrt worden; im letztgenannten Fall besteht ein Widerrufsrecht ebenfalls nicht.<\/p>\n<ol start=\"5\">\n<li>Der Gastgeber hat sich im Rahmen seines gew\u00f6hnlichen Gesch\u00e4ftsbetriebs, ohne Verpflichtung zu besonderen Anstrengungen und unter Ber\u00fccksichtigung des besonderen Charakters der gebuchten Unterkunft (z.B. Nichtraucherwohnung, keine Haustiere), um eine anderweitige Verwendung der Unterkunft zu bem\u00fchen. Bis zur Vergabe an Dritte hat der Gast den Mietpreis -10% zu bezahlen. Kostenfreie Stornierungen nur bis 61 Tage vor Anreise m\u00f6glich.<\/li>\n<li>Der Gastgeber stellt dem Gast die Ferienwohnung und die dazugeh\u00f6rende Einrichtung in vollem Umfang f\u00fcr die gesamte Aufenthaltsdauer gem\u00e4\u00df der Buchung vereinbart zur Verf\u00fcgung.<\/li>\n<li>Der Gast ist verpflichtet, die Wohnung, die Einrichtung, das Haus und den Au\u00dfenbereich pfleglich zu behandeln. Die in der Wohnung befindlichen Informationen, die Hausordnung, M\u00fclltrennung, RAUCHVERBOT ist zu beachten und einzuhalten.<\/li>\n<li>Bei nicht fristgerechter Bezahlung und bei schwerwiegenden Zuwiderhandlungen, sowie wenn der Gast Anlass zur Vermutung gibt, das er sich nicht an die Vereinbarung mit dem Gastgeber h\u00e4lt, bzw. betr\u00fcgerische Absichten zu vermuten sind und um drohenden Schaden abzuwenden ist der Gastgeber und dessen Beauftragter berechtigt, insbesondere bei absichtlicher Verursachung grober Verschmutzung oder Zerst\u00f6rung der Wohnung und ihrer Einrichtung bzw. des Geb\u00e4udes und des Au\u00dfenbereichs, den Vertrag fristlos zu k\u00fcndigen. Ggf. schon vor Anreise dem Gast den Zutritt zu verweigern. Der Gast haftet gegen\u00fcber dem Gastgeber f\u00fcr den von ihm verursachten Schaden in vollem Umfang, dies umfasst den gesamten Aufwand zur Wiederherstellung und Wiederbeschaffung zerst\u00f6rter oder unbrauchbarer Sachen. Die Mietkosten hat der Gast abz\u00fcglich 10% weiter zu bezahlen, sowie unter Umst\u00e4nden den Mietausfall f\u00fcr die Dauer der Reparatur\/Reinigung und Wiederherstellung. Bei mehreren G\u00e4sten haften diese Gesamtschuldnerisch. Kostenfreie Stornierungen sind bis 61 Tage vor Anreise m\u00f6glich.<\/li>\n<li>Internetnutzung, die Nutzung des Internets ist nur im gesetzlich zul\u00e4ssigen Rahmen erlaubt. Jede strafbare Handlung, insbesondere die Nutzung von TAUSCHB\u00d6RSEN bzw. FILE SHARING &#8211; SYSTEM, sowie kostenpflichtige Downloads o.\u00e4. ist untersagt! Bei Zuwiderhandlungen, wenn daraus Kosten entstehen, es zu einer Anzeige bzw. zu Forderungen Dritter kommt haftet der Gast daf\u00fcr in vollem Umfang. Dies betrifft auch f\u00fcr den Vermieter anfallende Anwalts- und Gerichtskosten sowie Geb\u00fchren und Aufwendungen.<\/li>\n<li>Der Gastgeber und dessen Beauftragter sind berechtigt die Wohnung auch im Falle der Abwesenheit des Gastes zu betreten um Gefahren und drohende Sch\u00e4den abzuwenden.<\/li>\n<li>Kaution, diese ist zusammen mit der Miete zu entrichten und wird erst nach beendeter m\u00e4ngelfreier Endreinigung siehe auch Punkt 8 sowie die Hausordnung, per Bank\u00fcberweisung r\u00fcckerstattet.<\/li>\n<li>Ausschlie\u00dflicher Gerichtsstand ist der Betriebssitz des Gastgebers.<\/li>\n<\/ol>\n<p>Nohfelden, den 08.11.2023<\/p>\n<p>&nbsp;<\/p>\n<h4>Hausordnung<\/h4>\n<p>Gemeinsam f\u00fcr ein sch\u00f6nes Zuhause auf Zeit<\/p>\n<p><strong>Liebe G\u00e4ste,<\/strong><\/p>\n<p>mit viel Flei\u00df, M\u00fche und Liebe zum Detail haben wir diese Ferienunterkunft errichtet. Wir m\u00f6chten die Qualit\u00e4t unseres Angebotes dauerhaft hochhalten und legen gro\u00dfen Wert darauf, dass sich alle G\u00e4ste von Anfang bis Ende der Saison wohlf\u00fchlen. Daher bitten wir Sie, Ihre Ferienunterkunft mit demselben Respekt zu behandeln, den Sie Ihrem eigenen Zuhause entgegenbringen. Sie tragen ma\u00dfgeblich dazu bei, dass wir Ihnen und anderen G\u00e4sten dauerhaft ein gro\u00dfartiges Zuhause auf Zeit anbieten k\u00f6nnen.<\/p>\n<p><strong>Allgemein<\/strong><\/p>\n<p>Bitte sehen Sie unsere Hausordnung nicht als Belehrung, sondern als einen Leitfaden f\u00fcr ein harmonisches Miteinander an. Sollte etwas unklar sein oder Sie irgendetwas vermissen, kontaktieren Sie uns gerne. So lassen sich Missverst\u00e4ndnisse von Anfang an vermeiden. Tragen Sie bitte Sorge daf\u00fcr, dass auch Ihre Mitreisenden die Hausordnung kennen und einhalten.<\/p>\n<p>So sehr Sonnenschein dazu verleitet, sollte die Inneneinrichtung im Haus verbleiben und nicht in den Au\u00dfenbereich getragen oder umgestellt werden. Um Besch\u00e4digungen zu vermeiden, bitten wir Sie auf das Umr\u00e4umen von Einrichtungsgegenst\u00e4nden zu verzichten und das Betreten mit Stra\u00dfenschuhen zu meiden.<\/p>\n<p><strong>Besch\u00e4digungen<\/strong><\/p>\n<p>Keine Angst: Nicht jedes Glas oder jeden zerbrochenen Telle stellen wir Ihnen sofort in Rechnung. Denn wir wissen: Niemand besch\u00e4digt absichtlich Sachen, es kann jedoch im Eifer des Gefechts mal etwas zu Bruch gehen. Wir bitten Sie, uns kleine Missgeschicke zeitnah mitzuteilen. So haben wir die M\u00f6glichkeit, schnell f\u00fcr Ersatz zu sorgen.<\/p>\n<p><strong>\u00a0Sicherheits- und Sorgfaltspflicht<\/strong><\/p>\n<p>Die Ferienwohnungst\u00fcr sollte grunds\u00e4tzlich geschlossen sein und beim Verlassen des Hauses per Schl\u00fcssel verschlossen werden. Vergessen Sie bitte auch nicht, die Fenster und Terrassent\u00fcre beim Verlassen der Ferienunterkunft zu schlie\u00dfen, um Einbruchs- und Unwettersch\u00e4den zu verhindern.<strong><br \/>\n<\/strong><\/p>\n<p><strong>Umweltschutz<\/strong><\/p>\n<p>Nachhaltigkeit und Umweltschutz spielen f\u00fcr uns eine gro\u00dfe Rolle. Daher bitten wir Sie um einen sparsamen Wasser- und Stromverbrauch. Stellen Sie sicher, dass Sie das Licht und alle elektronischen Ger\u00e4te ausschalten, wenn Sie das Haus verlassen.<\/p>\n<p><strong>\u00a0<\/strong><strong>K\u00fcche<\/strong><\/p>\n<p>Da eine verschmutzte K\u00fcche niemandem ein L\u00e4cheln ins Gesicht zaubert, r\u00e4umen Sie bitte Geschirr, T\u00f6pfe und Besteck nur ges\u00e4ubert und getrocknet zur\u00fcck in die K\u00fcchenschr\u00e4nke. Hei\u00dfe T\u00f6pfe und andere Gegenst\u00e4nde sollten zur Vermeidung von Brandflecken nur mit Untersetzer auf die Tische oder die Arbeitsplatte abgestellt werden. Ein Schneidebrett als Unterlage verhindert unsch\u00f6ne Kratzer beim Schnippeln von Gem\u00fcse, Obst &amp; Co. Unsch\u00f6ne R\u00fcckst\u00e4nde und Krusten im Backofen und Mikrowelle sollten entfernt werden. Ausreichend Reinigungsmittel stehen Ihnen zur Verf\u00fcgung.<\/p>\n<p><strong>Bad <\/strong><\/p>\n<p>In Dusche, Waschbecken, K\u00fcchensp\u00fcle und Toilette d\u00fcrfen keine Hygieneprodukte, Abf\u00e4lle, Essensreste, sch\u00e4dliche Fl\u00fcssigkeiten, Fette o. \u00e4. geworfen bzw. gesch\u00fcttet werden, da es sonst zu unangenehmen Verstopfungen kommen kann. Diese Gegenst\u00e4nde geh\u00f6ren in den daf\u00fcr vorgesehenen M\u00fcllbeh\u00e4lter.<\/p>\n<p><strong>L\u00fcften<\/strong><\/p>\n<p>Die Wohnung ist auch in der kalten Jahreszeit ausreichend zu l\u00fcften. Durch m\u00f6glichst kurzfristiges, aber ausreichendes Sto\u00dfl\u00fcften (ca. 5-10 Minuten, mindestens 2x t\u00e4glich) reduzieren Sie Schimmelbildung und tragen ma\u00dfgeblich zum Infektionsschutz bei.<\/p>\n<p><strong>Grillen <\/strong><\/p>\n<p>Im Sinne des Brandschutzes Grillen Sie bitte nur auf dem daf\u00fcr vorgesehenen Grillplatz auf der Terrasse, verzichten Sie bitte auf Brandbeschleuniger und ein offenes Feuer im Garten. Reinigen Sie den Grill nach Benutzung und entsorgen Sie die abgek\u00fchlte Asche und Grillreste in den Restm\u00fcll.<\/p>\n<p><strong>Entsorgung <\/strong><\/p>\n<p>Da wir zur M\u00fclltrennung verpflichtet sind und dies auch aktiv bef\u00fcrworten, bitten wir Sie uns dabei zu helfen. Bitte trennen Sie Ihren M\u00fcll nach Bioabf\u00e4llen (Komposter im Garten), Papier, Kunststoff (Gelbe Tonne), Restm\u00fcll und Glas. Entsprechende Entsorgungsm\u00f6glichkeiten befinden sich in der Ecke der Garage und im Eingangsbereich. Neue M\u00fcllt\u00fcten finden Sie im Sp\u00fclen Schrank der K\u00fcche und im Wandschrank im Flur.\u00a0 Altglas und Papier entsorgen Sie bitte in den daf\u00fcr vorgesehenen Altglascontainer. Diesen finden Sie auf dem Parkplatz zwischen Kirche und Friedhof am Anfang der Fr\u00fchlingstra\u00dfe.<\/p>\n<p><strong>Reinigung<\/strong><\/p>\n<p>Sollte Ihnen mal ein Missgeschick (hartn\u00e4ckiger Schmutz, Fl\u00fcssigkeiten auf Boden oder Arbeitsfl\u00e4chen usw.) passieren, bitten wir Sie dies sofort zu beseitigen. Wir bitten Sie, die Ferienwohnung bei Abreise besenrein zu hinterlassen und alles benutzte Geschirr und Ger\u00e4te wieder sauber und trocken in die Schr\u00e4nke einzur\u00e4umen. Vermeiden Sie schwer zu entfernende Make-Up-Flecken auf Handt\u00fcchern und Bettw\u00e4sche schon zu Beginn.<\/p>\n<p><strong>Ruhezeiten<\/strong><\/p>\n<p>Wir m\u00f6gen unsere Nachbarn und sie m\u00f6gen uns. Helfen Sie uns, dass es auch so bleibt. Bitte respektieren Sie die Gemeinschaft und versuchen Sie allgemeine Ruhezeiten wie Nacht- und Sonntagsruhe einzuhalten und lauten L\u00e4rm zwischen 23 Uhr und 8 Uhr zu vermeiden.<\/p>\n<p><strong>Party\/\u00dcbernachtungsg\u00e4ste<\/strong><\/p>\n<p>Wir eignen uns nicht als Party- oder Eventlocation. M\u00f6chten Sie w\u00e4hrend Ihres Aufenthaltes \u00fcber Nacht Besuch empfangen, bitten wir um vorherige Absprache. Nicht angezeigten Personen ist die \u00dcbernachtung in der Unterkunft nicht gestattet.<\/p>\n<p><strong>Internet\/WLAN <\/strong><\/p>\n<p>Die Nutzung des Internets ist f\u00fcr Sie kostenlos, erfolgt aber auf eigene Gefahr. Bitte beachten Sie, unsere Nutzungsbedingungen f\u00fcr G\u00e4ste-WLAN. Verboten sind kostenpflichtige Downloads\/Filesharing Angebote. Sollten durch Fehlverhalten Forderungen Dritter entstehen werden diese an Sie weitergegeben.<\/p>\n<p><strong>Raucher<\/strong><\/p>\n<p>Das Rauchen ist im Haus nicht erlaubt. Sie k\u00f6nnen jedoch im Au\u00dfenbereich, auf der Terrasse rauchen. Bitte entsorgen Sie alle Zigarettenstummel.<\/p>\n<p><strong>Haustiere<\/strong><\/p>\n<p>Das Mitbringen von Haustieren ist nicht erlaubt, weil wir unsere Unterkunft auch an Allergiker vermieten.<\/p>\n<p><strong>Schl\u00fcssel<\/strong><\/p>\n<p>Bitte geben Sie die Schl\u00fcssel nie aus der Hand. Teilen Sie uns bitte umgehend einen Verlust von Schl\u00fcsseln mit. Bitte haben Sie Verst\u00e4ndnis, dass wir Wiederbeschaffungskosten in H\u00f6he von mind. 250, &#8211;\u20ac in Rechnung stellen m\u00fcssen.<\/p>\n<p><strong>Haftung<\/strong><\/p>\n<p>Der Vermieter haftet nicht f\u00fcr Wertgegenst\u00e4nde des Gastes\/der G\u00e4ste.<\/p>\n<p><strong>Hausrecht <\/strong><\/p>\n<p>Bei sofort notwendigen Reparaturen\/Dienstleistungen (z. B. G\u00e4rtner) kann es unerl\u00e4sslich sein, dass der Vermieter oder Dienstleister die Ferienunterkunft w\u00e4hrend Ihres Aufenthaltes betreten muss. Nat\u00fcrlich werden wir das Betreten der Unterkunft oder des Grundst\u00fcckes nach M\u00f6glichkeit vorher anmelden und mit Ihnen absprechen.<\/p>\n<p><strong>An- und Abreise<\/strong><\/p>\n<p>Bitte checken Sie nicht vor 16 Uhr am Anreisetag ein und verlassen Sie die Ferienunterkunft am Abreisetag bis 10 Uhr. Damit haben wir gen\u00fcgend Zeit, um sicherzustellen, dass jeder Gast eine saubere Unterkunft zum Genie\u00dfen vorfindet.<\/p>\n<p><strong>Hygienema\u00dfnahmen in Zeiten von Corona <\/strong><\/p>\n<p>Im Interesse all unserer G\u00e4ste und Mitarbeiter tragen wir Sorge daf\u00fcr, dass in unserer Ferienunterkunft wichtige Hygieneregeln kommuniziert und befolgt werden. Unsere aktuellen Corona-Hinweise finden Sie im separaten Aushang im Haus.<\/p>\n<p>Vielen Dank im Voraus, dass Sie super G\u00e4ste sind und ein harmonisches Miteinander zu sch\u00e4tzen wissen! Wir w\u00fcnschen Ihnen einen sch\u00f6nen Aufenthalt in Ihrem Zuhause auf Zeit!<\/p>\n<p>&nbsp;<\/p>\n<p>Datenschutzhinweise zur F\u00fchrung von Kunden- und G\u00e4stelisten im Zusammenhang mit der Corona-Pandemie<\/p>\n<h5 id=\"m1880\">1. Verantwortlicher<\/h5>\n<p>Christine Veit &#8211; Ferienwohnung Haus Nahetal<br \/>\nZum Winterborn 4<br \/>\n66625 Nohfelden &#8211; Deutschland<\/p>\n<p><strong>Vertretungsberechtigt<\/strong>: Veit Robert<\/p>\n<p><strong>E-Mail-Adresse<\/strong>: Info@haus-nahetal.de<\/p>\n<p><strong>Unsere Datenschutzerkl\u00e4rung<\/strong>: <a href=\"https:\/\/haus-nahetal.de\/?page_id=109\" target=\"_blank\" rel=\"noopener noreferrer\">https:\/\/haus-nahetal.de\/?page_id=109<\/a><\/p>\n<p><strong>Datenschutzbeauftragte\/r<\/strong>: Christine Veit &#8211; info@haus-nahetal.de<\/p>\n<p>Wir erheben nur die Daten von unseren G\u00e4sten die unabdingbar sind f\u00fcr die Rechnungstellung, die Buchung, die R\u00fcckerstattung der Kaution, die R\u00fcckverfolgung der Kontaktkette im Falle einer Infektion. Daten werden nur in einem Solchen Fall, siehe auch Gastaufnahmebedingungen und die Zusatzvereinbarung unter: <a href=\"https:\/\/haus-nahetal.de\/?page_id=14\" target=\"_blank\" rel=\"noopener noreferrer\">https:\/\/haus-nahetal.de\/?page_id=14<\/a> an Dritte weitergegeben. Wir werden Sie aber auch umgehend, insofern es uns m\u00f6glich ist und sie f\u00fcr uns erreichbar sind, dar\u00fcber informieren, wenn ihre Daten weitergegeben werden.<\/p>\n<p class=\"seal\"><a title=\"Rechtstext von Dr. Schwenke - f\u00fcr weitere Informationen bitte anklicken.\" href=\"https:\/\/datenschutz-generator.de\/?l=de\" target=\"_blank\" rel=\"noopener noreferrer nofollow\"><img loading=\"lazy\" decoding=\"async\" src=\"https:\/\/datenschutz-generator.de\/wp-content\/plugins\/ts-dsg\/images\/dsg-seal\/dsg-seal-doc-de.png\" alt=\"Rechtstext von Dr. Schwenke - f\u00fcr weitere Informationen bitte anklicken.\" width=\"250\" height=\"250\" \/><\/a><\/p>\n<p>Copyright Haus Nahetal 2010 &#8211; 2026<\/p>\n","protected":false},"excerpt":{"rendered":"<p>&nbsp; Verf\u00fcgbarkeit pr\u00fcfen\/Belegungskalender aufrufen: Preise 2026: Tag \/ \u00dcbernachtung: 1 bis 2 Personen: 70,&#8211; \u20ac, jede weitere Person 18,&#8211;\u20ac zzgl. Tourismusabgabe. INKL: Bettw\u00e4sche, Hand-\/Duschtuch je Person. 1 \u2013 2\u00a0\u00a0\u00a0\u00a0\u00a0 Personen:\u00a0\u00a0\u00a0\u00a0\u00a0\u00a0\u00a0\u00a0\u00a0\u00a0 70,&#8211; \u20ac 3\u00a0\u00a0\u00a0\u00a0\u00a0\u00a0\u00a0\u00a0\u00a0\u00a0\u00a0\u00a0 Personen: \u00a0\u00a0\u00a0\u00a0\u00a0\u00a0\u00a0\u00a0\u00a0 88,&#8211; \u20ac 4\u00a0\u00a0\u00a0\u00a0\u00a0\u00a0\u00a0\u00a0\u00a0\u00a0\u00a0\u00a0 Personen:\u00a0\u00a0\u00a0\u00a0\u00a0\u00a0\u00a0\u00a0\u00a0\u00a0 106,&#8211; \u20ac 5\u00a0\u00a0\u00a0\u00a0\u00a0\u00a0\u00a0\u00a0\u00a0\u00a0\u00a0\u00a0 Personen:\u00a0\u00a0\u00a0\u00a0\u00a0\u00a0\u00a0\u00a0\u00a0\u00a0 124,&#8211; \u20ac 6\u00a0\u00a0\u00a0\u00a0\u00a0\u00a0\u00a0\u00a0\u00a0\u00a0\u00a0\u00a0 Personen:\u00a0\u00a0\u00a0\u00a0\u00a0\u00a0\u00a0\u00a0\u00a0\u00a0 142,&#8211; \u20ac Babybett und WLAN auf Wunsch m\u00f6glich, &hellip; <\/p>\n<p class=\"link-more\"><a href=\"https:\/\/haus-nahetal.de\/?page_id=16\" class=\"more-link\"><span class=\"screen-reader-text\">\u201ePreise\u201c <\/span>weiterlesen<\/a><\/p>\n","protected":false},"author":1,"featured_media":0,"parent":0,"menu_order":0,"comment_status":"closed","ping_status":"closed","template":"","meta":{"footnotes":""},"class_list":["post-16","page","type-page","status-publish","hentry"],"aioseo_notices":[],"_links":{"self":[{"href":"https:\/\/haus-nahetal.de\/index.php?rest_route=\/wp\/v2\/pages\/16","targetHints":{"allow":["GET"]}}],"collection":[{"href":"https:\/\/haus-nahetal.de\/index.php?rest_route=\/wp\/v2\/pages"}],"about":[{"href":"https:\/\/haus-nahetal.de\/index.php?rest_route=\/wp\/v2\/types\/page"}],"author":[{"embeddable":true,"href":"https:\/\/haus-nahetal.de\/index.php?rest_route=\/wp\/v2\/users\/1"}],"replies":[{"embeddable":true,"href":"https:\/\/haus-nahetal.de\/index.php?rest_route=%2Fwp%2Fv2%2Fcomments&post=16"}],"version-history":[{"count":95,"href":"https:\/\/haus-nahetal.de\/index.php?rest_route=\/wp\/v2\/pages\/16\/revisions"}],"predecessor-version":[{"id":1007,"href":"https:\/\/haus-nahetal.de\/index.php?rest_route=\/wp\/v2\/pages\/16\/revisions\/1007"}],"wp:attachment":[{"href":"https:\/\/haus-nahetal.de\/index.php?rest_route=%2Fwp%2Fv2%2Fmedia&parent=16"}],"curies":[{"name":"wp","href":"https:\/\/api.w.org\/{rel}","templated":true}]}}