{"id":15,"date":"2018-06-13T18:34:07","date_gmt":"2018-06-13T16:34:07","guid":{"rendered":"https:\/\/haus-nahetal.de\/?page_id=15"},"modified":"2025-07-22T18:21:44","modified_gmt":"2025-07-22T16:21:44","slug":"weblinks","status":"publish","type":"page","link":"https:\/\/haus-nahetal.de\/?page_id=15","title":{"rendered":"Weblinks"},"content":{"rendered":"<\/p>\r\n<h3 class=\"aligncenter is-resized\"><a href=\"https:\/\/levato.de\/\" target=\"_blank\" rel=\"noopener noreferrer\"><img loading=\"lazy\" decoding=\"async\" class=\"aligncenter size-full wp-image-670\" src=\"https:\/\/haus-nahetal.de\/wp-content\/uploads\/2020\/09\/LEVATO-LOGO-scaled.jpg\" alt=\"\" width=\"2560\" height=\"960\" srcset=\"https:\/\/haus-nahetal.de\/wp-content\/uploads\/2020\/09\/LEVATO-LOGO-scaled.jpg 2560w, https:\/\/haus-nahetal.de\/wp-content\/uploads\/2020\/09\/LEVATO-LOGO-300x112.jpg 300w, https:\/\/haus-nahetal.de\/wp-content\/uploads\/2020\/09\/LEVATO-LOGO-1024x384.jpg 1024w, https:\/\/haus-nahetal.de\/wp-content\/uploads\/2020\/09\/LEVATO-LOGO-768x288.jpg 768w, https:\/\/haus-nahetal.de\/wp-content\/uploads\/2020\/09\/LEVATO-LOGO-1536x576.jpg 1536w, https:\/\/haus-nahetal.de\/wp-content\/uploads\/2020\/09\/LEVATO-LOGO-2048x768.jpg 2048w\" sizes=\"auto, (max-width: 767px) 89vw, (max-width: 1000px) 54vw, (max-width: 1071px) 543px, 580px\" \/><\/a><\/h3>\r\n<hr \/>\r\n<h3><a href=\"http:\/\/www.foto-groke.de\/\" target=\"_blank\" rel=\"noopener noreferrer\">Winfried Groke &#8211; der Fotograf und Fotok\u00fcnstler unseres Vertrauens mit au\u00dfergew\u00f6hnlichen Werken<\/a><\/h3>\r\n<p><a href=\"http:\/\/www.foto-groke.de\/wp-content\/uploads\/2016\/11\/WinG-4.jpg\" target=\"_blank\" rel=\"noopener noreferrer\"><img loading=\"lazy\" decoding=\"async\" class=\"alignnone\" src=\"http:\/\/www.foto-groke.de\/wp-content\/uploads\/2016\/11\/WinG-4.jpg\" alt=\"\" width=\"1000\" height=\"1000\" \/><\/a><\/p>\r\n<hr \/>\r\n<h3><a href=\"http:\/\/www.el-leon.club\/\" target=\"_blank\" rel=\"noopener noreferrer\"><strong>Winfried Groke<\/strong> &#8211; auch hier sind seine au\u00dfergew\u00f6hnlichen Werke zu bestaunen und k\u00e4uflich zu erwerben.<\/a><\/h3>\r\n<p><a href=\"https:\/\/www.dagstuhl.de\/no_cache\/ueber-dagstuhl\/aktuelles\/detail\/meldung\/747\/\" target=\"_blank\" rel=\"noopener noreferrer\"><img loading=\"lazy\" decoding=\"async\" class=\"lg-object lg-image\" src=\"http:\/\/www.foto-groke.de\/wp-content\/uploads\/2016\/11\/hintergrund-kontakt.jpg\" width=\"601\" height=\"401\" \/><\/a><\/p>\r\n<hr \/>\r\n<h3><a href=\"http:\/\/schreiners-restaurant.de\/\" target=\"_blank\" rel=\"noopener noreferrer\"><strong><em>Schreiners Restaurant &#8211; Tel. 0 68 52 &#8211; 61 28<\/em><\/strong><strong><em><br \/><\/em><\/strong><\/a><\/h3>\r\n<hr \/>\r\n<h1><a href=\"https:\/\/spindler-brot.de\/?page_id=206\" target=\"_blank\" rel=\"noopener noreferrer\">B\u00e4ckerei &#8211; Caf\u00e9 &#8211; Spindler<\/a><\/h1>\r\n<p><a href=\"https:\/\/spindler-brot.de\/?page_id=206\" target=\"_blank\" rel=\"noopener noreferrer\">Hier finden Sie s\u00e4mtliche Filialen und Caf\u00e9s der B\u00e4ckerei Spindler mit den \u00d6ffnungszeiten:<\/a><\/p>\r\n<hr \/>\r\n<p><u><a href=\"http:\/\/www.saarland-gastgeber.com\/Ferienwohnung-in-Gonnesweiler-id114.html\" target=\"_blank\" rel=\"noopener noreferrer\"><strong>www.saarland-gastgeber.com<\/strong><\/a><\/u><\/p>\r\n<p><a href=\"http:\/\/www.saarland-gastgeber.com\/\" target=\"_blank\" rel=\"noopener noreferrer\">FERIENWOHNUNGEN UND HOTELS IM SAARLAND <\/a>\u00a0\u00a0\u00a0 &#8211;<\/p>\r\n<p><a href=\"https:\/\/www.saarland-gastgeber.com\/Ferienwohnung-in-Gonnesweiler-Nohfelden-id114.html\" target=\"_blank\" rel=\"noopener noreferrer\">http:\/\/www.saarland-gastgeber.com\/Ferienwohnung-in-Gonnesweiler-Nohfelden-id114.html<\/a><\/p>\r\n<div class=\"col-sm-7\"><a href=\"https:\/\/www.ferienhausmiete.de\/45082.htm\" target=\"_blank\" rel=\"noopener noreferrer\">https:\/\/www.ferienhausmiete.de\/45082.htm<\/a><\/div>\r\n<p><a href=\"http:\/\/www.pensionen-weltweit.de\/\">\u00a0<\/a><\/p>\r\n<p>Copyright Haus Nahetal 2010 &#8211; 2025<\/p>\r\n<div id=\"kpm-root\" class=\"kpm_LTR\">\u00a0<\/div>\r\n<div id=\"kpm-root\" class=\"kpm_LTR\">\u00a0<\/div>\r\n<div id=\"kpm-root\" class=\"kpm_LTR\">\u00a0<\/div>\r\n<div id=\"kpm-root\" class=\"kpm_LTR\">\u00a0<\/div>\r\n<div id=\"kpm-root\" class=\"kpm_LTR\">\u00a0<\/div>\r\n<div id=\"kpm-root\" class=\"kpm_LTR\">\u00a0<\/div>\r\n<div id=\"kpm-root\" class=\"kpm_LTR\">\u00a0<\/div>\r\n<div id=\"kpm-root\" class=\"kpm_LTR\">\u00a0<\/div>\r\n<div id=\"kpm-root\" class=\"kpm_LTR\">\u00a0<\/div>\r\n<div id=\"kpm-root\" class=\"kpm_LTR\">\u00a0<\/div>","protected":false},"excerpt":{"rendered":"<p>Winfried Groke &#8211; der Fotograf und Fotok\u00fcnstler unseres Vertrauens mit au\u00dfergew\u00f6hnlichen Werken Winfried Groke &#8211; auch hier sind seine au\u00dfergew\u00f6hnlichen Werke zu bestaunen und k\u00e4uflich zu erwerben. Schreiners Restaurant &#8211; Tel. 0 68 52 &#8211; 61 28 B\u00e4ckerei &#8211; Caf\u00e9 &#8211; Spindler Hier finden Sie s\u00e4mtliche Filialen und Caf\u00e9s der B\u00e4ckerei Spindler mit den \u00d6ffnungszeiten: &hellip; <\/p>\n<p class=\"link-more\"><a href=\"https:\/\/haus-nahetal.de\/?page_id=15\" class=\"more-link\"><span class=\"screen-reader-text\">\u201eWeblinks\u201c <\/span>weiterlesen<\/a><\/p>\n","protected":false},"author":1,"featured_media":0,"parent":0,"menu_order":0,"comment_status":"closed","ping_status":"closed","template":"","meta":{"footnotes":""},"class_list":["post-15","page","type-page","status-publish","hentry"],"aioseo_notices":[],"_links":{"self":[{"href":"https:\/\/haus-nahetal.de\/index.php?rest_route=\/wp\/v2\/pages\/15","targetHints":{"allow":["GET"]}}],"collection":[{"href":"https:\/\/haus-nahetal.de\/index.php?rest_route=\/wp\/v2\/pages"}],"about":[{"href":"https:\/\/haus-nahetal.de\/index.php?rest_route=\/wp\/v2\/types\/page"}],"author":[{"embeddable":true,"href":"https:\/\/haus-nahetal.de\/index.php?rest_route=\/wp\/v2\/users\/1"}],"replies":[{"embeddable":true,"href":"https:\/\/haus-nahetal.de\/index.php?rest_route=%2Fwp%2Fv2%2Fcomments&post=15"}],"version-history":[{"count":58,"href":"https:\/\/haus-nahetal.de\/index.php?rest_route=\/wp\/v2\/pages\/15\/revisions"}],"predecessor-version":[{"id":980,"href":"https:\/\/haus-nahetal.de\/index.php?rest_route=\/wp\/v2\/pages\/15\/revisions\/980"}],"wp:attachment":[{"href":"https:\/\/haus-nahetal.de\/index.php?rest_route=%2Fwp%2Fv2%2Fmedia&parent=15"}],"curies":[{"name":"wp","href":"https:\/\/api.w.org\/{rel}","templated":true}]}}